{"id":136,"date":"2024-05-10T11:53:34","date_gmt":"2024-05-10T09:53:34","guid":{"rendered":"https:\/\/festivalnahradbach.cz\/?page_id=136"},"modified":"2025-04-22T09:19:47","modified_gmt":"2025-04-22T07:19:47","slug":"program-2","status":"publish","type":"page","link":"https:\/\/festivalnahradbach.cz\/?page_id=136","title":{"rendered":"Ro\u010dn\u00edk 2024"},"content":{"rendered":"\n<div class=\"wp-block-columns are-vertically-aligned-center is-layout-flex wp-container-core-columns-is-layout-ab18cbab wp-block-columns-is-layout-flex\" style=\"padding-right:var(--wp--preset--spacing--x-large);padding-left:var(--wp--preset--spacing--x-large)\">\n<div class=\"wp-block-column is-vertically-aligned-center is-layout-flow wp-block-column-is-layout-flow\" style=\"padding-right:var(--wp--preset--spacing--xx-large);padding-left:var(--wp--preset--spacing--xx-large)\">\n<h2 class=\"wp-block-heading has-text-align-center\">P\u00e1tek<\/h2>\n\n\n\n<p class=\"has-text-align-center has-large-font-size\"> Laridenn 17:00\n Petr K\u016fs a F\u00e1my 18:15\n Crann 19:30\n Zenkl a Koz\u00e1k Celtic Band 20:45<\/p>\n\n\n\n<p class=\"has-text-align-center has-large-font-size\"><\/p>\n<\/div>\n\n\n\n<div class=\"wp-block-column is-vertically-aligned-center is-layout-flow wp-block-column-is-layout-flow\">\n<h2 class=\"wp-block-heading has-text-align-center\">Sobota<\/h2>\n\n\n\n<p class=\"has-text-align-center has-large-font-size\">Zenkl a Koz\u00e1k hudebn\u00ed workshop 10.00\n<strong>Sona S\u00f3l &#8211; Vesel\u00e1 Kop\u00fdtka &#8211; workshop Irsk\u00fdch tanc\u016f 13.00<\/strong>\n NARTY 15:00\n Celtycki Wroc\u0142aw 16:15<\/p>\n\n\n\n<p class=\"has-text-align-center has-large-font-size\"> The Stouters 17:30\n R\u00edRa 18:45\n Asonance 20:00\n Dobr\u00e9 r\u00e1no bluesband 21:45<\/p>\n<\/div>\n<\/div>\n\n\n\n<p class=\"has-x-large-font-size\" style=\"margin-right:var(--wp--preset--spacing--xx-large);margin-left:var(--wp--preset--spacing--xx-large)\">V p\u00e1tek i v sobotu se m\u016f\u017eete t\u011b\u0161it na bohat\u00fd doprovodn\u00fd program v podob\u011b workshop\u016f, kreativn\u00edch d\u00edlen a tak\u00e9 na dobr\u00e9 j\u00eddlo a pit\u00ed.<\/p>\n\n\n\n<p>Vstup pro d\u011bti do 140 cm je zdarma.<\/p>\n\n\n\n<p><\/p>\n\n\n\n<figure class=\"wp-block-image aligncenter size-full\"><img loading=\"lazy\" decoding=\"async\" width=\"600\" height=\"600\" src=\"https:\/\/festivalnahradbach.cz\/wp-content\/uploads\/2024\/05\/600x600.jpg\" alt=\"\" class=\"wp-image-154\" srcset=\"https:\/\/festivalnahradbach.cz\/wp-content\/uploads\/2024\/05\/600x600.jpg 600w, https:\/\/festivalnahradbach.cz\/wp-content\/uploads\/2024\/05\/600x600-300x300.jpg 300w, https:\/\/festivalnahradbach.cz\/wp-content\/uploads\/2024\/05\/600x600-150x150.jpg 150w\" sizes=\"auto, (max-width: 600px) 100vw, 600px\" \/><\/figure>\n\n\n\n<div style=\"height:154px\" aria-hidden=\"true\" class=\"wp-block-spacer\"><\/div>\n","protected":false},"excerpt":{"rendered":"<p>P\u00e1tek Laridenn 17:00 Petr K\u016fs a F\u00e1my 18:15 Crann 19:30 Zenkl a Koz\u00e1k Celtic Band 20:45 Sobota Zenkl a Koz\u00e1k hudebn\u00ed workshop 10.00 Sona S\u00f3l &#8211; Vesel\u00e1 Kop\u00fdtka &#8211; workshop Irsk\u00fdch tanc\u016f 13.00 NARTY 15:00 Celtycki Wroc\u0142aw 16:15 The Stouters 17:30 R\u00edRa 18:45 Asonance 20:00 Dobr\u00e9 r\u00e1no bluesband 21:45 V p\u00e1tek i v sobotu se [&hellip;]<\/p>\n","protected":false},"author":1,"featured_media":0,"parent":0,"menu_order":0,"comment_status":"closed","ping_status":"closed","template":"full-width","meta":{"footnotes":""},"class_list":["post-136","page","type-page","status-publish","hentry"],"_links":{"self":[{"href":"https:\/\/festivalnahradbach.cz\/index.php?rest_route=\/wp\/v2\/pages\/136","targetHints":{"allow":["GET"]}}],"collection":[{"href":"https:\/\/festivalnahradbach.cz\/index.php?rest_route=\/wp\/v2\/pages"}],"about":[{"href":"https:\/\/festivalnahradbach.cz\/index.php?rest_route=\/wp\/v2\/types\/page"}],"author":[{"embeddable":true,"href":"https:\/\/festivalnahradbach.cz\/index.php?rest_route=\/wp\/v2\/users\/1"}],"replies":[{"embeddable":true,"href":"https:\/\/festivalnahradbach.cz\/index.php?rest_route=%2Fwp%2Fv2%2Fcomments&post=136"}],"version-history":[{"count":14,"href":"https:\/\/festivalnahradbach.cz\/index.php?rest_route=\/wp\/v2\/pages\/136\/revisions"}],"predecessor-version":[{"id":271,"href":"https:\/\/festivalnahradbach.cz\/index.php?rest_route=\/wp\/v2\/pages\/136\/revisions\/271"}],"wp:attachment":[{"href":"https:\/\/festivalnahradbach.cz\/index.php?rest_route=%2Fwp%2Fv2%2Fmedia&parent=136"}],"curies":[{"name":"wp","href":"https:\/\/api.w.org\/{rel}","templated":true}]}}