{"id":144,"date":"2024-05-10T12:02:05","date_gmt":"2024-05-10T10:02:05","guid":{"rendered":"https:\/\/festivalnahradbach.cz\/?page_id=144"},"modified":"2024-05-17T21:07:38","modified_gmt":"2024-05-17T19:07:38","slug":"kontakt","status":"publish","type":"page","link":"https:\/\/festivalnahradbach.cz\/?page_id=144","title":{"rendered":"Kontakt"},"content":{"rendered":"\n<p><\/p>\n\n\n\n<p><\/p>\n\n\n\n<div class=\"wp-block-columns is-layout-flex wp-container-core-columns-is-layout-28f84493 wp-block-columns-is-layout-flex\">\n<div class=\"wp-block-column is-layout-flow wp-block-column-is-layout-flow\" style=\"flex-basis:100%\">\n<div class=\"wp-block-group alignfull has-global-padding is-layout-constrained wp-block-group-is-layout-constrained\">\n<div class=\"wp-block-columns alignfull are-vertically-aligned-top is-layout-flex wp-container-core-columns-is-layout-28f84493 wp-block-columns-is-layout-flex\">\n<div class=\"wp-block-column is-vertically-aligned-top is-layout-flow wp-block-column-is-layout-flow\" style=\"padding-right:var(--wp--preset--spacing--xx-large);padding-left:var(--wp--preset--spacing--xx-large)\">\n<h2 class=\"wp-block-heading\">Po\u0159adatel festivalu<\/h2>\n\n\n\n<p>Um\u011bleck\u00e1 kolonie Bastion IV, z.s.<br>I\u010c: 04063309<br>Okru\u017en\u00ed 242<br>Josefov, 551 02<br>Jarom\u011b\u0159-Josefov<br>\u010cesk\u00e1 Republika<\/p>\n\n\n\n<p><a href=\"https:\/\/umeleckakoloniejosefov.cz\">https:\/\/umeleckakoloniejosefov.cz<\/a><\/p>\n<\/div>\n\n\n\n<div class=\"wp-block-column is-vertically-aligned-top is-layout-flow wp-block-column-is-layout-flow\">\n<h2 class=\"wp-block-heading\">Na koho se obr\u00e1tit?<\/h2>\n\n\n\n<p>V\u00fdstava hudebn\u00edch n\u00e1stroj\u016f &#8211; <br>Jasenka Kohoutov\u00e1\u00a0 &#8211;\u00a0 jasenka.kohoutova@gmail.com<\/p>\n\n\n\n<p>Dramaturgie festivalu &#8211; <br>Jan Fi\u0161er &#8211; fiserguitars@centrum.cz, <br>603 965 258<\/p>\n\n\n\n<p>Technick\u00e9 zabezpe\u010den\u00ed &#8211; <br>Tereza Hork\u00e1 &#8211; horka@id-tech.cz &#8211; <br>603 759 275<\/p>\n\n\n\n<p>Organizace st\u00e1nkov\u00e9ho prodeje &#8211; <br>Mark\u00e9ta \u0160kopkov\u00e1 &#8211; bastioniv.josefov@gmail.com<br>776 071 174<\/p>\n<\/div>\n<\/div>\n<\/div>\n<\/div>\n<\/div>\n\n\n\n<p><\/p>\n\n\n\n<div style=\"height:100px\" aria-hidden=\"true\" class=\"wp-block-spacer\"><\/div>\n","protected":false},"excerpt":{"rendered":"<p>Po\u0159adatel festivalu Um\u011bleck\u00e1 kolonie Bastion IV, z.s.I\u010c: 04063309Okru\u017en\u00ed 242Josefov, 551 02Jarom\u011b\u0159-Josefov\u010cesk\u00e1 Republika https:\/\/umeleckakoloniejosefov.cz Na koho se obr\u00e1tit? V\u00fdstava hudebn\u00edch n\u00e1stroj\u016f &#8211; Jasenka Kohoutov\u00e1\u00a0 &#8211;\u00a0 jasenka.kohoutova@gmail.com Dramaturgie festivalu &#8211; Jan Fi\u0161er &#8211; fiserguitars@centrum.cz, 603 965 258 Technick\u00e9 zabezpe\u010den\u00ed &#8211; Tereza Hork\u00e1 &#8211; horka@id-tech.cz &#8211; 603 759 275 Organizace st\u00e1nkov\u00e9ho prodeje &#8211; Mark\u00e9ta \u0160kopkov\u00e1 &#8211; bastioniv.josefov@gmail.com776 071 [&hellip;]<\/p>\n","protected":false},"author":1,"featured_media":0,"parent":0,"menu_order":0,"comment_status":"closed","ping_status":"closed","template":"full-width","meta":{"footnotes":""},"class_list":["post-144","page","type-page","status-publish","hentry"],"_links":{"self":[{"href":"https:\/\/festivalnahradbach.cz\/index.php?rest_route=\/wp\/v2\/pages\/144","targetHints":{"allow":["GET"]}}],"collection":[{"href":"https:\/\/festivalnahradbach.cz\/index.php?rest_route=\/wp\/v2\/pages"}],"about":[{"href":"https:\/\/festivalnahradbach.cz\/index.php?rest_route=\/wp\/v2\/types\/page"}],"author":[{"embeddable":true,"href":"https:\/\/festivalnahradbach.cz\/index.php?rest_route=\/wp\/v2\/users\/1"}],"replies":[{"embeddable":true,"href":"https:\/\/festivalnahradbach.cz\/index.php?rest_route=%2Fwp%2Fv2%2Fcomments&post=144"}],"version-history":[{"count":6,"href":"https:\/\/festivalnahradbach.cz\/index.php?rest_route=\/wp\/v2\/pages\/144\/revisions"}],"predecessor-version":[{"id":251,"href":"https:\/\/festivalnahradbach.cz\/index.php?rest_route=\/wp\/v2\/pages\/144\/revisions\/251"}],"wp:attachment":[{"href":"https:\/\/festivalnahradbach.cz\/index.php?rest_route=%2Fwp%2Fv2%2Fmedia&parent=144"}],"curies":[{"name":"wp","href":"https:\/\/api.w.org\/{rel}","templated":true}]}}